{"id":633,"date":"2021-02-21T23:59:37","date_gmt":"2021-02-21T20:59:37","guid":{"rendered":"http:\/\/kmtyapi.com\/yeni\/?page_id=633"},"modified":"2021-02-23T14:35:37","modified_gmt":"2021-02-23T11:35:37","slug":"melen-projesi-2-etap-isale-hatti-insaati","status":"publish","type":"page","link":"http:\/\/kmtyapi.com\/yeni\/melen-projesi-2-etap-isale-hatti-insaati\/","title":{"rendered":"MELEN PROJES\u0130 2. ETAP \u0130SALE  HATTI \u0130N\u015eAATI"},"content":{"rendered":"\n<figure class=\"wp-block-image size-large\"><img loading=\"lazy\" decoding=\"async\" width=\"1024\" height=\"94\" src=\"http:\/\/kmtyapi.com\/yeni\/wp-content\/uploads\/2021\/02\/prensipler-banner-1024x94.jpg\" alt=\"\" class=\"wp-image-351\" srcset=\"http:\/\/kmtyapi.com\/yeni\/wp-content\/uploads\/2021\/02\/prensipler-banner-1024x94.jpg 1024w, http:\/\/kmtyapi.com\/yeni\/wp-content\/uploads\/2021\/02\/prensipler-banner-300x27.jpg 300w, http:\/\/kmtyapi.com\/yeni\/wp-content\/uploads\/2021\/02\/prensipler-banner-768x70.jpg 768w, http:\/\/kmtyapi.com\/yeni\/wp-content\/uploads\/2021\/02\/prensipler-banner-1536x141.jpg 1536w, http:\/\/kmtyapi.com\/yeni\/wp-content\/uploads\/2021\/02\/prensipler-banner.jpg 2000w\" sizes=\"auto, (max-width: 1024px) 100vw, 1024px\" \/><\/figure>\n\n\n\n<p><strong><strong>TAMAMLANAN PROJELER &gt; ALTYAPI PROJELER\u0130<\/strong><\/strong><\/p>\n\n\n\n<figure class=\"wp-block-image size-large\"><img loading=\"lazy\" decoding=\"async\" width=\"1024\" height=\"30\" src=\"http:\/\/kmtyapi.com\/yeni\/wp-content\/uploads\/2021\/02\/alt-cizgi-1024x30.jpg\" alt=\"\" class=\"wp-image-377\" srcset=\"http:\/\/kmtyapi.com\/yeni\/wp-content\/uploads\/2021\/02\/alt-cizgi-1024x30.jpg 1024w, http:\/\/kmtyapi.com\/yeni\/wp-content\/uploads\/2021\/02\/alt-cizgi-300x9.jpg 300w, http:\/\/kmtyapi.com\/yeni\/wp-content\/uploads\/2021\/02\/alt-cizgi-768x22.jpg 768w, http:\/\/kmtyapi.com\/yeni\/wp-content\/uploads\/2021\/02\/alt-cizgi-1536x45.jpg 1536w, http:\/\/kmtyapi.com\/yeni\/wp-content\/uploads\/2021\/02\/alt-cizgi.jpg 2000w\" sizes=\"auto, (max-width: 1024px) 100vw, 1024px\" \/><\/figure>\n\n\n\n<figure class=\"wp-block-table\"><table width=\"984\"><tbody>\n  <tr>\n    <td width=\"342\" height=\"229\" bgcolor=\"#FFFFFF\"><p><img loading=\"lazy\" decoding=\"async\" src=\"http:\/\/kmtyapi.com\/yeni\/wp-content\/uploads\/2021\/02\/devam-eden-altyapi1-1330x695.jpg\" width=\"342\" height=\"178\" alt=\"\"><\/p>\n      <p><strong>MELEN PROJES\u0130 2. ETAP  \u0130SALE&nbsp; HATTI \u0130N\u015eAATI \u0130\u015e\u0130 KAPSAMINDA KM: 28+073 \u0130LE KM:32+565 ARASINDAK\u0130 MELEN 3000 MM \u0130SALE&nbsp; HATTI \u0130N\u015eAAT<\/strong>I<\/p><\/td>\n    <td width=\"630\"><h5><strong>PROJE B\u0130LG\u0130LER\u0130<\/strong><\/h5>\n      <h5>\n        <div id=\"elitepress_header_widget-2\" class=\"col-md-4 col-sm-6 col-xs-6 widget elitepress_header_widget\">\n          <div class=\"contact-area\">\n            <div class=\"media\">\n              <div class=\"contact-icon\"> <i class=\"fa fa-briefcase\"><\/i><\/div>\n              <div class=\"media-body\">\n                <h4>Kurum<\/h4>\n                <h5><em>\u0130SK\u0130<\/em><\/h5>\n              <\/div>\n            <\/div>\n          <\/div>\n        <\/div>\n      <\/h5>\n      <h5>\n        <div id=\"elitepress_header_widget-2\" class=\"col-md-4 col-sm-6 col-xs-6 widget elitepress_header_widget\">\n          <div class=\"contact-area\">\n            <div class=\"media\">\n              <div class=\"contact-icon\"> <i class=\"fa fa-briefcase\"><\/i><\/div>\n              <div class=\"media-body\">\n                <h4>\u0130\u015fveren Firma<\/h4>\n                <h5><em>Kalyon \u0130n\u015faat <\/em><\/h5>\n              <\/div>\n            <\/div>\n          <\/div>\n        <\/div>\n      <\/h5>\n      <h5>\n        <div id=\"elitepress_header_widget-2\" class=\"col-md-4 col-sm-6 col-xs-6 widget elitepress_header_widget\">\n          <div class=\"contact-area\">\n            <div class=\"media\">\n              <div class=\"contact-icon\"> <i class=\"fa fa-calendar\"><\/i><\/div>\n              <div class=\"media-body\">\n                <h4>Proje Ba\u015flang\u0131\u00e7 Tarihi<\/h4>\n                <h5><em>07.06.2012<\/em><\/h5>\n              <\/div>\n            <\/div>\n          <\/div>\n        <\/div>\n      <\/h5>\n      <h5>\n        <div id=\"elitepress_header_widget-2\" class=\"col-md-4 col-sm-6 col-xs-6 widget elitepress_header_widget\">\n          <div class=\"contact-area\">\n            <div class=\"media\">\n              <div class=\"contact-icon\"> <i class=\"fa fa-calendar\"><\/i><\/div>\n              <div class=\"media-body\">\n                <h4>Proje Biti\u015f Tarihi<\/h4>\n                <h5><em>2013<\/em><\/h5>\n              <\/div>\n            <\/div>\n          <\/div>\n        <\/div>\n      <\/h5>\n      <h5>\n        <div id=\"elitepress_header_widget-2\" class=\"col-md-4 col-sm-6 col-xs-6 widget elitepress_header_widget\">\n          <div class=\"contact-area\">\n            <div class=\"media\">\n              <div class=\"contact-icon\"> <i class=\"fa fa fa-map-signs\"><\/i><\/div>\n              <div class=\"media-body\">\n                <h4>Proje B\u00f6lgesi<\/h4>\n                <h5><em>Melen\/Sakarya<\/em><\/h5>\n              <\/div>\n            <\/div>\n          <\/div>\n        <\/div>\n      <\/h5>\n      <h5><div id=\"elitepress_header_widget-\" class=\"col-md-4 col-sm-6 col-xs-6 widget elitepress_header_widget\"><div class=\"contact-area\"><div class=\"media\">\n            <\/div>\n          <\/div>\n        <\/div>\n      <\/h5>\n      <h5><\/h5><\/td>\n  <\/tr><\/tbody><\/table>\n<\/figure>\n\n\n\n<p><strong>07.06.2012<\/strong> tarihinde&nbsp;<strong>Kalyon \u0130n\u015faat Sanayi ve Ticaret A.\u015e.<\/strong>&nbsp;ile imzalanan s\u00f6zle\u015fme kapsam\u0131nda&nbsp;<strong>4492m \u00d83000mm spiral \u00e7elik boru montaj,<\/strong>&nbsp;99.000 m2 plaplamj tran\u015fe kanal kaz\u0131s\u0131 ve imla, servis yollar\u0131n\u0131n olu\u015fturulmas\u0131 i\u015fleri yap\u0131lm\u0131\u015ft\u0131r.<\/p>\n\n\n<div id=\"supsystic-slider-wrapper-2_64966\" class=\"supsystic-slider-wrapper\"> <div class=\"slider-sharing-top\"><\/div> <div id=\"supsystic-slider-2_64966\" class=\"supsystic-slider supsystic-slider-bx\" data-type=\"bx\" data-settings=\"{&quot;general&quot;:{&quot;mode&quot;:&quot;horizontal&quot;,&quot;moveSlides&quot;:&quot;0&quot;,&quot;auto&quot;:&quot;disable&quot;,&quot;slideshowControls&quot;:&quot;disable&quot;,&quot;navigation&quot;:&quot;0&quot;,&quot;rows&quot;:&quot;0&quot;,&quot;captions&quot;:&quot;true&quot;,&quot;captionsByMouseover&quot;:&quot;true&quot;,&quot;speed&quot;:&quot;500&quot;,&quot;easing&quot;:&quot;linear&quot;},&quot;touch&quot;:{&quot;touchEnabled&quot;:&quot;true&quot;,&quot;oneToOne&quot;:&quot;true&quot;,&quot;swipeThreshold&quot;:&quot;55&quot;},&quot;pager&quot;:{&quot;pagerEnabled&quot;:&quot;true&quot;,&quot;pagerType&quot;:&quot;full&quot;},&quot;properties&quot;:{&quot;width&quot;:&quot;1330&quot;,&quot;widthType&quot;:&quot;px&quot;,&quot;height&quot;:&quot;695&quot;,&quot;videoAutoplay&quot;:&quot;false&quot;,&quot;position&quot;:&quot;center&quot;},&quot;caption&quot;:{&quot;color&quot;:&quot;#fff&quot;,&quot;font-size&quot;:&quot;14&quot;,&quot;text-align&quot;:&quot;auto&quot;,&quot;font-family&quot;:&quot;Open Sans&quot;,&quot;font-type&quot;:&quot;standard&quot;,&quot;background-color-hex&quot;:&quot;#000&quot;,&quot;background-color&quot;:&quot;rgba(0, 0, 0, 1)&quot;,&quot;background-opacity&quot;:&quot;0.5&quot;,&quot;inTop&quot;:&quot;false&quot;},&quot;socialSharing&quot;:{&quot;status&quot;:&quot;disable&quot;,&quot;pluginInstalled&quot;:false,&quot;projectsList&quot;:[],&quot;html&quot;:&quot;&quot;},&quot;__veditor__&quot;:&quot;&quot;}\" data-thumbs=\"thumbnails-2\" style=\"visibility: hidden; direction: ltr;overflow-x: hidden;\"> <ul style=\"visibility: hidden; margin: 0 !important; \"> <li class=\"slide\" data-id=\"1\"> <img decoding=\"async\" src=\"http:\/\/kmtyapi.com\/yeni\/wp-content\/uploads\/2021\/02\/devam-eden-altyapi2-1330x695.jpg\" alt=\"\" title=\"\" data-title=\"\"\/> <\/li> <li class=\"slide\" data-id=\"2\"> <img decoding=\"async\" src=\"http:\/\/kmtyapi.com\/yeni\/wp-content\/uploads\/2021\/02\/devam-eden-altyapi1-1330x695.jpg\" alt=\"\" title=\"\" data-title=\"\"\/> <\/li> <li class=\"slide\" data-id=\"3\"> <img decoding=\"async\" src=\"http:\/\/kmtyapi.com\/yeni\/wp-content\/uploads\/2021\/02\/devam-eden-altyapi3-1330x695.jpg\" alt=\"\" title=\"\" data-title=\"\"\/> <\/li> <\/ul> <\/div> <ul class=\"thumbnails-2 thumbs\" style=\"visibility: hidden; margin: 0 !important;\"> <li> <img decoding=\"async\" data-index=\"0\" src=\"http:\/\/kmtyapi.com\/yeni\/wp-content\/uploads\/2021\/02\/devam-eden-altyapi2-332x231.jpg\" alt=\"Kmt Yap\u0131 Tamamlanan Eden Altyap\u0131 Projeleri\" title=\"\" data-title=\"\" style=\"\" \/> <\/li> <li> <img decoding=\"async\" data-index=\"1\" src=\"http:\/\/kmtyapi.com\/yeni\/wp-content\/uploads\/2021\/02\/devam-eden-altyapi1-332x231.jpg\" alt=\"Kmt Yap\u0131 Tamamlanan Eden Altyap\u0131 Projeleri\" title=\"\" data-title=\"\" style=\"\" \/> <\/li> <li> <img decoding=\"async\" data-index=\"2\" src=\"http:\/\/kmtyapi.com\/yeni\/wp-content\/uploads\/2021\/02\/devam-eden-altyapi3-332x231.jpg\" alt=\"Kmt Yap\u0131 Tamamlanan Eden Altyap\u0131 Projeleri\" title=\"\" data-title=\"\" style=\"\" \/> <\/li> <\/ul> <div class=\"slider-sharing-bottom\"><\/div> <\/div>\n","protected":false},"excerpt":{"rendered":"<div class=\"slide-text-bg2\">\n<h3>TAMAMLANAN PROJELER &gt; ALTYAPI PROJELER\u0130 MELEN PROJES\u0130 2. ETAP \u0130SALE&nbsp; HATTI \u0130N\u015eAATI \u0130\u015e\u0130 KAPSAMINDA KM: 28+073 \u0130LE KM:32+565 ARASINDAK\u0130 MELEN<\/h3>\n<\/div>\n<div class=\"flex-btn-div\"><a href=\"http:\/\/kmtyapi.com\/yeni\/melen-projesi-2-etap-isale-hatti-insaati\/\" class=\"btn1 flex-btn\">Daha fazlas\u0131n\u0131 oku<\/a><\/div>\n","protected":false},"author":1,"featured_media":0,"parent":0,"menu_order":0,"comment_status":"closed","ping_status":"closed","template":"fullwidth.php","meta":{"ngg_post_thumbnail":0,"footnotes":""},"class_list":["post-633","page","type-page","status-publish","hentry"],"_links":{"self":[{"href":"http:\/\/kmtyapi.com\/yeni\/wp-json\/wp\/v2\/pages\/633","targetHints":{"allow":["GET"]}}],"collection":[{"href":"http:\/\/kmtyapi.com\/yeni\/wp-json\/wp\/v2\/pages"}],"about":[{"href":"http:\/\/kmtyapi.com\/yeni\/wp-json\/wp\/v2\/types\/page"}],"author":[{"embeddable":true,"href":"http:\/\/kmtyapi.com\/yeni\/wp-json\/wp\/v2\/users\/1"}],"replies":[{"embeddable":true,"href":"http:\/\/kmtyapi.com\/yeni\/wp-json\/wp\/v2\/comments?post=633"}],"version-history":[{"count":11,"href":"http:\/\/kmtyapi.com\/yeni\/wp-json\/wp\/v2\/pages\/633\/revisions"}],"predecessor-version":[{"id":838,"href":"http:\/\/kmtyapi.com\/yeni\/wp-json\/wp\/v2\/pages\/633\/revisions\/838"}],"wp:attachment":[{"href":"http:\/\/kmtyapi.com\/yeni\/wp-json\/wp\/v2\/media?parent=633"}],"curies":[{"name":"wp","href":"https:\/\/api.w.org\/{rel}","templated":true}]}}